{"id":139,"date":"2024-04-14T17:30:56","date_gmt":"2024-04-14T17:30:56","guid":{"rendered":"https:\/\/agrosynapsis.com\/?page_id=139"},"modified":"2025-07-20T15:40:39","modified_gmt":"2025-07-20T15:40:39","slug":"services","status":"publish","type":"page","link":"https:\/\/agrosynapsis.com\/es\/services\/","title":{"rendered":"Servicios"},"content":{"rendered":"<div style=\"height:36px\" aria-hidden=\"true\" class=\"wp-block-spacer\"><\/div>\n\n\n\n<div class=\"wp-block-cover alignfull\" style=\"min-height:154px;aspect-ratio:unset;\"><img loading=\"lazy\" decoding=\"async\" width=\"1024\" height=\"576\" class=\"wp-block-cover__image-background wp-image-640\" alt=\"services\" src=\"https:\/\/agrosynapsis.com\/wp-content\/uploads\/2024\/05\/Anadir-un-subtitulo-26-1024x576.jpg\" data-object-fit=\"cover\" srcset=\"https:\/\/agrosynapsis.com\/wp-content\/uploads\/2024\/05\/Anadir-un-subtitulo-26-1024x576.jpg 1024w, https:\/\/agrosynapsis.com\/wp-content\/uploads\/2024\/05\/Anadir-un-subtitulo-26-300x169.jpg 300w, https:\/\/agrosynapsis.com\/wp-content\/uploads\/2024\/05\/Anadir-un-subtitulo-26-768x432.jpg 768w, https:\/\/agrosynapsis.com\/wp-content\/uploads\/2024\/05\/Anadir-un-subtitulo-26-1536x864.jpg 1536w, https:\/\/agrosynapsis.com\/wp-content\/uploads\/2024\/05\/Anadir-un-subtitulo-26.jpg 1920w\" sizes=\"auto, (max-width: 1024px) 100vw, 1024px\" \/><span aria-hidden=\"true\" class=\"wp-block-cover__background has-background-dim\"><\/span><div class=\"wp-block-cover__inner-container is-layout-flow wp-block-cover-is-layout-flow\">\n<p class=\"has-text-align-center\" style=\"padding-top:0;padding-bottom:0;font-size:clamp(1.743rem, 1.743rem + ((1vw - 0.2rem) * 2.285), 3rem);\">SERVICIOS<\/p>\n<\/div><\/div>\n\n\n\n<div style=\"height:36px\" aria-hidden=\"true\" class=\"wp-block-spacer\"><\/div>\n\n\n\n<div class=\"wp-block-columns alignwide is-layout-flex wp-container-core-columns-is-layout-d0bbbce0 wp-block-columns-is-layout-flex\" style=\"border-style:none;border-width:0px;border-radius:0px\">\n<div class=\"wp-block-column is-vertically-aligned-top has-border-color has-secondary-border-color is-layout-flow wp-block-column-is-layout-flow\" style=\"border-width:1px;padding-right:10px;padding-left:10px;box-shadow:var(--wp--preset--shadow--natural)\">\n<div style=\"height:20px\" aria-hidden=\"true\" class=\"wp-block-spacer\"><\/div>\n\n\n\n<p class=\"has-text-align-center has-secondary-color has-text-color has-link-color wp-elements-6fb658616141726fcbc1d17bc1607a41\" style=\"font-size:clamp(1.092rem, 1.092rem + ((1vw - 0.2rem) * 1.105), 1.7rem);\"><a href=\"https:\/\/agrosynapsis.com\/es\/research-projects\/\"><strong>Projectos de Investigaci\u00f3n<\/strong><\/a><\/p>\n\n\n            <div class=\"oxi-addons-container noLightbox oxi-image-hover-wrapper-8\" id=\"oxi-image-hover-wrapper-8\">\n                <div class=\"oxi-addons-row\">\n                                <div class=\"oxi-image-hover-style oxi-bt-col-lg-12 oxi-bt-col-md-12 oxi-bt-col-sm-12\" >\n                <div class=\"oxi-image-hover-style-general\">\n                    <div class=\"oxi-image-hover oxi-image-general-hover oxi-image-general-hover-style-3 oxi-image-general-hover-8-10\">\n                                                    <a  href=\"https:\/\/agrosynapsis.com\/es\/research-projects\/\" target=\"_blank\" rel=\"nofollow\">\n                                                            <div class=\"oxi-image-hover-figure top_to_bottom\">\n                                <div class=\"oxi-image-hover-image\">\n                                    <img decoding=\"async\" src=\"https:\/\/agrosynapsis.com\/wp-content\/uploads\/2024\/04\/Anadir-un-subtitulo-13.jpg\" >\n                                <\/div>\n                                <div class=\"oxi-image-hover-figure-caption\">\n                                    <div class=\"oxi-image-hover-caption-tab   image-hover-align-center-center\">\n                                                                                    <h3 class=\"oxi-image-hover-heading iheu-fade-up\">Dise\u00f1o y Implementaci\u00f3n de Proyectos<\/h3>\n                                                                                            <div class=\"oxi-image-hover-content iheu-fade-up\">Visite nuestra p\u00e1gina web para obtener m\u00e1s informaci\u00f3n sobre los beneficios y los entregables<\/div>\n                                                                                <\/div>\n                                <\/div>\n                            <\/div>\n                                                        <\/a>\n\t\t\t\t\t\t\t\t                    <\/div>\n                <\/div> \n                            <\/div>\n                            <\/div>\n            <\/div>\n\t\t\t\n\n\n\n<p class=\"has-text-align-left has-secondary-color has-text-color has-link-color wp-elements-1b4c070991735dbb61d52f7121fcba87\" style=\"font-size:clamp(0.875rem, 0.875rem + ((1vw - 0.2rem) * 0.773), 1.3rem);\">Le ayudamos a dise\u00f1ar e implementar proyectos de investigaci\u00f3n en cuatro \u00e1reas clave: an\u00e1lisis estad\u00edstico y biom\u00e9trico, marcadores moleculares vinculados a caracteres de inter\u00e9s, an\u00e1lisis de la diversidad de su germoplasma y t\u00e9cnicas de edici\u00f3n gen\u00e9tica.<\/p>\n\n\n\n<p class=\"has-text-align-left has-secondary-color has-text-color has-link-color wp-elements-e9e15223a50c3267299dd9cd5a8ae2c7\" style=\"font-size:clamp(0.875rem, 0.875rem + ((1vw - 0.2rem) * 0.773), 1.3rem);\">Primero, trabajamos estrechamente con nuestros clientes para comprender a fondo sus objetivos. Luego, utilizamos nuestra amplia experiencia y los \u00faltimos avances en an\u00e1lisis de datos para garantizar que sus proyectos de investigaci\u00f3n se planifiquen y ejecuten sin problemas.<\/p>\n\n\n\n<div style=\"height:38px\" aria-hidden=\"true\" class=\"wp-block-spacer\"><\/div>\n<\/div>\n\n\n\n<div class=\"wp-block-column is-vertically-aligned-top has-border-color has-secondary-border-color is-layout-flow wp-block-column-is-layout-flow\" style=\"border-width:1px;padding-right:10px;padding-left:10px;box-shadow:var(--wp--preset--shadow--natural)\">\n<div style=\"height:20px\" aria-hidden=\"true\" class=\"wp-block-spacer\"><\/div>\n\n\n\n<p class=\"has-text-align-center has-secondary-color has-text-color has-link-color wp-elements-d93bef72413bb815f7ed9146a18d2802\" style=\"font-size:clamp(1.092rem, 1.092rem + ((1vw - 0.2rem) * 1.105), 1.7rem);\"><a href=\"https:\/\/agrosynapsis.com\/es\/applied-protocols\/\"><strong>Aplicaci\u00f3n de Protocolos<\/strong><\/a><\/p>\n\n\n            <div class=\"oxi-addons-container noLightbox oxi-image-hover-wrapper-9\" id=\"oxi-image-hover-wrapper-9\">\n                <div class=\"oxi-addons-row\">\n                                <div class=\"oxi-image-hover-style oxi-bt-col-lg-12 oxi-bt-col-md-12 oxi-bt-col-sm-12\" >\n                <div class=\"oxi-image-hover-style-general\">\n                    <div class=\"oxi-image-hover oxi-image-general-hover oxi-image-general-hover-style-3 oxi-image-general-hover-9-11\">\n                                                    <a  href=\"https:\/\/agrosynapsis.com\/es\/applied-protocols\/\" target=\"_blank\" rel=\"nofollow\">\n                                                            <div class=\"oxi-image-hover-figure top_to_bottom\">\n                                <div class=\"oxi-image-hover-image\">\n                                    <img decoding=\"async\" src=\"https:\/\/agrosynapsis.com\/wp-content\/uploads\/2024\/05\/Anadir-un-subtitulo-800-x-800-px-2.jpg\" >\n                                <\/div>\n                                <div class=\"oxi-image-hover-figure-caption\">\n                                    <div class=\"oxi-image-hover-caption-tab   image-hover-align-center-center\">\n                                                                                    <h3 class=\"oxi-image-hover-heading iheu-fade-up\">Aplicaci\u00f3n de Protocolos<\/h3>\n                                                                                            <div class=\"oxi-image-hover-content iheu-fade-up\">Conozca c\u00f3mo podemos ayudarle a establecer protocolos eficientes y robustos de mejoramiento molecular<\/div>\n                                                                                <\/div>\n                                <\/div>\n                            <\/div>\n                                                        <\/a>\n\t\t\t\t\t\t\t\t                    <\/div>\n                <\/div> \n                            <\/div>\n                            <\/div>\n            <\/div>\n\t\t\t\n\n\n\n<p class=\"has-text-align-left has-secondary-color has-text-color has-link-color wp-elements-3d7c836cabcc28ac742e3d36a4c8c205\" style=\"font-size:clamp(0.875rem, 0.875rem + ((1vw - 0.2rem) * 0.773), 1.3rem);\">Te ayudamos a establecer protocolos rutinarios de selecci\u00f3n asistida por marcadoras (MAS).&nbsp;<a href=\"https:\/\/en.wikipedia.org\/wiki\/Marker-assisted_selection\">MAS<\/a>&nbsp;es una poderosa herramienta que mejora dr\u00e1sticamente la velocidad y la precisi\u00f3n de la selecci\u00f3n de los car\u00e1cteres deseables en los cultivos.<\/p>\n\n\n\n<p class=\"has-text-align-left has-secondary-color has-text-color has-link-color wp-elements-aff73d88414a05fad380ebbd7f160288\" style=\"font-size:clamp(0.875rem, 0.875rem + ((1vw - 0.2rem) * 0.773), 1.3rem);\">Nuestra prioridad es adaptar los protocolos de manera que se ajusten a las necesidades \u00fanicas de su programa . Con este fin, tenemos en cuenta los tipos espec\u00edficos de cultivos, los objetivos del programa y los recursos disponibles. En pocas palabras, creamos protocolos personalizados que puede integrar sin problemas en sus flujos de trabajo existentes.<\/p>\n\n\n\n<div style=\"height:9px\" aria-hidden=\"true\" class=\"wp-block-spacer\"><\/div>\n<\/div>\n\n\n\n<div class=\"wp-block-column is-vertically-aligned-top has-border-color has-secondary-border-color is-layout-flow wp-block-column-is-layout-flow\" style=\"border-width:1px;padding-right:10px;padding-left:10px;box-shadow:var(--wp--preset--shadow--natural)\">\n<div style=\"height:20px\" aria-hidden=\"true\" class=\"wp-block-spacer\"><\/div>\n\n\n\n<p class=\"has-text-align-center has-secondary-color has-text-color has-link-color wp-elements-8299ffcd4e78dbc35160256351532c05\" style=\"font-size:clamp(1.092rem, 1.092rem + ((1vw - 0.2rem) * 1.105), 1.7rem);\"><a href=\"https:\/\/agrosynapsis.com\/es\/training\/\"><strong>Programas de Formaci\u00f3n<\/strong><\/a><\/p>\n\n\n            <div class=\"oxi-addons-container noLightbox oxi-image-hover-wrapper-10\" id=\"oxi-image-hover-wrapper-10\">\n                <div class=\"oxi-addons-row\">\n                                <div class=\"oxi-image-hover-style oxi-bt-col-lg-12 oxi-bt-col-md-12 oxi-bt-col-sm-12\" >\n                <div class=\"oxi-image-hover-style-general\">\n                    <div class=\"oxi-image-hover oxi-image-general-hover oxi-image-general-hover-style-3 oxi-image-general-hover-10-12\">\n                                                    <a  href=\"https:\/\/agrosynapsis.com\/es\/training\/\" target=\"_blank\" rel=\"nofollow\">\n                                                            <div class=\"oxi-image-hover-figure top_to_bottom\">\n                                <div class=\"oxi-image-hover-image\">\n                                    <img decoding=\"async\" src=\"https:\/\/agrosynapsis.com\/wp-content\/uploads\/2024\/05\/Anadir-un-subtitulo-800-x-800-px-3.jpg\" >\n                                <\/div>\n                                <div class=\"oxi-image-hover-figure-caption\">\n                                    <div class=\"oxi-image-hover-caption-tab   image-hover-align-center-center\">\n                                                                                    <h3 class=\"oxi-image-hover-heading iheu-fade-up\">Formaci\u00f3n<\/h3>\n                                                                                            <div class=\"oxi-image-hover-content iheu-fade-up\">Conozca c\u00f3mo podemos ampliar sus conocimientos y habilidades en el uso de tecnolog\u00edas moleculares<\/div>\n                                                                                <\/div>\n                                <\/div>\n                            <\/div>\n                                                        <\/a>\n\t\t\t\t\t\t\t\t                    <\/div>\n                <\/div> \n                            <\/div>\n                            <\/div>\n            <\/div>\n\t\t\t\n\n\n\n<p class=\"has-text-align-center has-secondary-color has-text-color has-link-color wp-elements-444912e41a38ebd7a63d02f4c14f2a85\" style=\"font-size:clamp(0.875rem, 0.875rem + ((1vw - 0.2rem) * 0.773), 1.3rem);\">Ofrecemos programas de formaci\u00f3n que equipan a los mejoradores con el conocimiento y las habilidades necesarias para comprender y utilizar  las tecnolog\u00edas de mejora molecular.<\/p>\n\n\n\n<p class=\"has-text-align-center has-secondary-color has-text-color has-link-color wp-elements-c070a5ed29bf0951898540a8060879f3\" style=\"font-size:clamp(0.875rem, 0.875rem + ((1vw - 0.2rem) * 0.773), 1.3rem);\">En el dise\u00f1o de nuestra sesi\u00f3n de formaci\u00f3n, combinamos el conocimiento de los aspectos te\u00f3ricos y pr\u00e1cticos de la mejora molecular. Los temas que cubrimos van desde los conceptos b\u00e1sicos de los marcadores moleculares y MAS hasta t\u00e9cnicas avanzadas y an\u00e1lisis de datos. Nuestro objetivo es preparar a su equipo y proporcionarles las habilidades para aprovechar estas tecnolog\u00edas a su m\u00e1ximo potencial.<\/p>\n\n\n\n<div style=\"height:6px\" aria-hidden=\"true\" class=\"wp-block-spacer\"><\/div>\n<\/div>\n<\/div>\n\n\n\n<p class=\"has-text-align-center\"><\/p>\n\n\n\n<div style=\"height:21px\" aria-hidden=\"true\" class=\"wp-block-spacer\"><\/div>","protected":false},"excerpt":{"rendered":"<p>RESEARCH PROJECTS We help you design and implement research projects in four key areas: statistical analysis and biometrics, molecular markers linked to traits, diversity analysis of your germplasm, and gene editing techniques. First, we work closely with you to deeply understand your breeding goals. Then, we use our extensive experience and the latest advances in [&hellip;]<\/p>\n","protected":false},"author":2,"featured_media":0,"parent":0,"menu_order":0,"comment_status":"closed","ping_status":"closed","template":"wp-custom-template-without-cover","meta":{"footnotes":""},"class_list":["post-139","page","type-page","status-publish","hentry"],"yoast_head":"<!-- This site is optimized with the Yoast SEO plugin v22.9 - https:\/\/yoast.com\/wordpress\/plugins\/seo\/ -->\n<title>Services - AgroSynapsis<\/title>\n<meta name=\"description\" content=\"molecular markers, protocols , MAS, gene editing, diversity, marker-assisted selection, QTL, genetic mapping, molecular breeding services\" \/>\n<meta name=\"robots\" content=\"index, follow, max-snippet:-1, max-image-preview:large, max-video-preview:-1\" \/>\n<link rel=\"canonical\" href=\"https:\/\/agrosynapsis.com\/es\/services\/\" \/>\n<meta property=\"og:locale\" content=\"es_ES\" \/>\n<meta property=\"og:type\" content=\"article\" \/>\n<meta property=\"og:title\" content=\"Services - AgroSynapsis\" \/>\n<meta property=\"og:description\" content=\"molecular markers, protocols , MAS, gene editing, diversity, marker-assisted selection, QTL, genetic mapping, molecular breeding services\" \/>\n<meta property=\"og:url\" content=\"https:\/\/agrosynapsis.com\/es\/services\/\" \/>\n<meta property=\"og:site_name\" content=\"AgroSynapsis\" \/>\n<meta property=\"article:modified_time\" content=\"2025-07-20T15:40:39+00:00\" \/>\n<meta property=\"og:image\" content=\"https:\/\/agrosynapsis.com\/wp-content\/uploads\/2024\/05\/Anadir-un-subtitulo-26-1024x576.jpg\" \/>\n<meta name=\"twitter:card\" content=\"summary_large_image\" \/>\n<meta name=\"twitter:label1\" content=\"Tiempo de lectura\" \/>\n\t<meta name=\"twitter:data1\" content=\"2 minutos\" \/>\n<script type=\"application\/ld+json\" class=\"yoast-schema-graph\">{\"@context\":\"https:\/\/schema.org\",\"@graph\":[{\"@type\":\"WebPage\",\"@id\":\"https:\/\/agrosynapsis.com\/services\/\",\"url\":\"https:\/\/agrosynapsis.com\/services\/\",\"name\":\"Services - AgroSynapsis\",\"isPartOf\":{\"@id\":\"https:\/\/agrosynapsis.com\/#website\"},\"primaryImageOfPage\":{\"@id\":\"https:\/\/agrosynapsis.com\/services\/#primaryimage\"},\"image\":{\"@id\":\"https:\/\/agrosynapsis.com\/services\/#primaryimage\"},\"thumbnailUrl\":\"https:\/\/agrosynapsis.com\/wp-content\/uploads\/2024\/05\/Anadir-un-subtitulo-26-1024x576.jpg\",\"datePublished\":\"2024-04-14T17:30:56+00:00\",\"dateModified\":\"2025-07-20T15:40:39+00:00\",\"description\":\"molecular markers, protocols , MAS, gene editing, diversity, marker-assisted selection, QTL, genetic mapping, molecular breeding services\",\"breadcrumb\":{\"@id\":\"https:\/\/agrosynapsis.com\/services\/#breadcrumb\"},\"inLanguage\":\"es\",\"potentialAction\":[{\"@type\":\"ReadAction\",\"target\":[\"https:\/\/agrosynapsis.com\/services\/\"]}]},{\"@type\":\"ImageObject\",\"inLanguage\":\"es\",\"@id\":\"https:\/\/agrosynapsis.com\/services\/#primaryimage\",\"url\":\"https:\/\/agrosynapsis.com\/wp-content\/uploads\/2024\/05\/Anadir-un-subtitulo-26-1024x576.jpg\",\"contentUrl\":\"https:\/\/agrosynapsis.com\/wp-content\/uploads\/2024\/05\/Anadir-un-subtitulo-26-1024x576.jpg\"},{\"@type\":\"BreadcrumbList\",\"@id\":\"https:\/\/agrosynapsis.com\/services\/#breadcrumb\",\"itemListElement\":[{\"@type\":\"ListItem\",\"position\":1,\"name\":\"Home\",\"item\":\"https:\/\/agrosynapsis.com\/\"},{\"@type\":\"ListItem\",\"position\":2,\"name\":\"Services\"}]},{\"@type\":\"WebSite\",\"@id\":\"https:\/\/agrosynapsis.com\/#website\",\"url\":\"https:\/\/agrosynapsis.com\/\",\"name\":\"AgroSynapsis\",\"description\":\"\",\"publisher\":{\"@id\":\"https:\/\/agrosynapsis.com\/#organization\"},\"potentialAction\":[{\"@type\":\"SearchAction\",\"target\":{\"@type\":\"EntryPoint\",\"urlTemplate\":\"https:\/\/agrosynapsis.com\/?s={search_term_string}\"},\"query-input\":\"required name=search_term_string\"}],\"inLanguage\":\"es\"},{\"@type\":\"Organization\",\"@id\":\"https:\/\/agrosynapsis.com\/#organization\",\"name\":\"AgroSynapsis\",\"url\":\"https:\/\/agrosynapsis.com\/\",\"logo\":{\"@type\":\"ImageObject\",\"inLanguage\":\"es\",\"@id\":\"https:\/\/agrosynapsis.com\/#\/schema\/logo\/image\/\",\"url\":\"https:\/\/agrosynapsis.com\/wp-content\/uploads\/2024\/10\/logo-sin-fondo.png\",\"contentUrl\":\"https:\/\/agrosynapsis.com\/wp-content\/uploads\/2024\/10\/logo-sin-fondo.png\",\"width\":506,\"height\":134,\"caption\":\"AgroSynapsis\"},\"image\":{\"@id\":\"https:\/\/agrosynapsis.com\/#\/schema\/logo\/image\/\"}}]}<\/script>\n<!-- \/ Yoast SEO plugin. -->","yoast_head_json":{"title":"Services - AgroSynapsis","description":"molecular markers, protocols , MAS, gene editing, diversity, marker-assisted selection, QTL, genetic mapping, molecular breeding services","robots":{"index":"index","follow":"follow","max-snippet":"max-snippet:-1","max-image-preview":"max-image-preview:large","max-video-preview":"max-video-preview:-1"},"canonical":"https:\/\/agrosynapsis.com\/es\/services\/","og_locale":"es_ES","og_type":"article","og_title":"Services - AgroSynapsis","og_description":"molecular markers, protocols , MAS, gene editing, diversity, marker-assisted selection, QTL, genetic mapping, molecular breeding services","og_url":"https:\/\/agrosynapsis.com\/es\/services\/","og_site_name":"AgroSynapsis","article_modified_time":"2025-07-20T15:40:39+00:00","og_image":[{"url":"https:\/\/agrosynapsis.com\/wp-content\/uploads\/2024\/05\/Anadir-un-subtitulo-26-1024x576.jpg"}],"twitter_card":"summary_large_image","twitter_misc":{"Tiempo de lectura":"2 minutos"},"schema":{"@context":"https:\/\/schema.org","@graph":[{"@type":"WebPage","@id":"https:\/\/agrosynapsis.com\/services\/","url":"https:\/\/agrosynapsis.com\/services\/","name":"Services - AgroSynapsis","isPartOf":{"@id":"https:\/\/agrosynapsis.com\/#website"},"primaryImageOfPage":{"@id":"https:\/\/agrosynapsis.com\/services\/#primaryimage"},"image":{"@id":"https:\/\/agrosynapsis.com\/services\/#primaryimage"},"thumbnailUrl":"https:\/\/agrosynapsis.com\/wp-content\/uploads\/2024\/05\/Anadir-un-subtitulo-26-1024x576.jpg","datePublished":"2024-04-14T17:30:56+00:00","dateModified":"2025-07-20T15:40:39+00:00","description":"molecular markers, protocols , MAS, gene editing, diversity, marker-assisted selection, QTL, genetic mapping, molecular breeding services","breadcrumb":{"@id":"https:\/\/agrosynapsis.com\/services\/#breadcrumb"},"inLanguage":"es","potentialAction":[{"@type":"ReadAction","target":["https:\/\/agrosynapsis.com\/services\/"]}]},{"@type":"ImageObject","inLanguage":"es","@id":"https:\/\/agrosynapsis.com\/services\/#primaryimage","url":"https:\/\/agrosynapsis.com\/wp-content\/uploads\/2024\/05\/Anadir-un-subtitulo-26-1024x576.jpg","contentUrl":"https:\/\/agrosynapsis.com\/wp-content\/uploads\/2024\/05\/Anadir-un-subtitulo-26-1024x576.jpg"},{"@type":"BreadcrumbList","@id":"https:\/\/agrosynapsis.com\/services\/#breadcrumb","itemListElement":[{"@type":"ListItem","position":1,"name":"Home","item":"https:\/\/agrosynapsis.com\/"},{"@type":"ListItem","position":2,"name":"Services"}]},{"@type":"WebSite","@id":"https:\/\/agrosynapsis.com\/#website","url":"https:\/\/agrosynapsis.com\/","name":"AgroSynapsis","description":"","publisher":{"@id":"https:\/\/agrosynapsis.com\/#organization"},"potentialAction":[{"@type":"SearchAction","target":{"@type":"EntryPoint","urlTemplate":"https:\/\/agrosynapsis.com\/?s={search_term_string}"},"query-input":"required name=search_term_string"}],"inLanguage":"es"},{"@type":"Organization","@id":"https:\/\/agrosynapsis.com\/#organization","name":"AgroSynapsis","url":"https:\/\/agrosynapsis.com\/","logo":{"@type":"ImageObject","inLanguage":"es","@id":"https:\/\/agrosynapsis.com\/#\/schema\/logo\/image\/","url":"https:\/\/agrosynapsis.com\/wp-content\/uploads\/2024\/10\/logo-sin-fondo.png","contentUrl":"https:\/\/agrosynapsis.com\/wp-content\/uploads\/2024\/10\/logo-sin-fondo.png","width":506,"height":134,"caption":"AgroSynapsis"},"image":{"@id":"https:\/\/agrosynapsis.com\/#\/schema\/logo\/image\/"}}]}},"jetpack_sharing_enabled":true,"_links":{"self":[{"href":"https:\/\/agrosynapsis.com\/es\/wp-json\/wp\/v2\/pages\/139","targetHints":{"allow":["GET"]}}],"collection":[{"href":"https:\/\/agrosynapsis.com\/es\/wp-json\/wp\/v2\/pages"}],"about":[{"href":"https:\/\/agrosynapsis.com\/es\/wp-json\/wp\/v2\/types\/page"}],"author":[{"embeddable":true,"href":"https:\/\/agrosynapsis.com\/es\/wp-json\/wp\/v2\/users\/2"}],"replies":[{"embeddable":true,"href":"https:\/\/agrosynapsis.com\/es\/wp-json\/wp\/v2\/comments?post=139"}],"version-history":[{"count":80,"href":"https:\/\/agrosynapsis.com\/es\/wp-json\/wp\/v2\/pages\/139\/revisions"}],"predecessor-version":[{"id":4094,"href":"https:\/\/agrosynapsis.com\/es\/wp-json\/wp\/v2\/pages\/139\/revisions\/4094"}],"wp:attachment":[{"href":"https:\/\/agrosynapsis.com\/es\/wp-json\/wp\/v2\/media?parent=139"}],"curies":[{"name":"wp","href":"https:\/\/api.w.org\/{rel}","templated":true}]}}